{"id":55,"date":"2024-11-29T09:54:01","date_gmt":"2024-11-29T08:54:01","guid":{"rendered":"http:\/\/515283570.swh.strato-hosting.eu\/STRATO-apps\/wordpress_18\/clone\/?page_id=55"},"modified":"2025-05-26T08:36:21","modified_gmt":"2025-05-26T07:36:21","slug":"home","status":"publish","type":"page","link":"https:\/\/stadtfuehrungen-solingen.de\/?page_id=55","title":{"rendered":"Kontakt"},"content":{"rendered":"\n<p class=\"has-black-color has-text-color has-link-color has-medium-font-size wp-elements-516a4cab319f70811738c4bd015f3457\"><strong>Stadtf\u00fchrungen Solingen<\/strong><br><strong>Ansprechparnerin ist Debbie Little<\/strong><br>Telefon: 0212 &#8211; 62 801<br>Mail: <a href=\"mailto:info@stadtfuehrungen-solingen.de\" target=\"_blank\" rel=\"noreferrer noopener\">info@stadtfuehrungen-solingen.de<\/a><\/p>\n\n\n\n<div class=\"wp-block-media-text is-stacked-on-mobile\" style=\"grid-template-columns:15% auto\"><figure class=\"wp-block-media-text__media\"><img loading=\"lazy\" decoding=\"async\" width=\"225\" height=\"225\" src=\"https:\/\/stadtfuehrungen-solingen.de\/wp-content\/uploads\/2024\/11\/Unbenannt.jpg\" alt=\"\" class=\"wp-image-610 size-full\" srcset=\"https:\/\/stadtfuehrungen-solingen.de\/wp-content\/uploads\/2024\/11\/Unbenannt.jpg 225w, https:\/\/stadtfuehrungen-solingen.de\/wp-content\/uploads\/2024\/11\/Unbenannt-150x150.jpg 150w\" sizes=\"auto, (max-width: 225px) 100vw, 225px\" \/><\/figure><div class=\"wp-block-media-text__content\">\n<p class=\"has-medium-font-size\"><a href=\"https:\/\/www.facebook.com\/stadtfuehrungensolingen\/?locale=de_DE\"><strong>Stadtf\u00fchrungen-Solingen<\/strong><\/a><\/p>\n<\/div><\/div>\n\n\n\n<hr class=\"wp-block-separator has-alpha-channel-opacity\"\/>\n\n\n\n<p class=\"has-large-font-size\"><strong><mark style=\"background-color:rgba(0, 0, 0, 0)\" class=\"has-inline-color has-vivid-cyan-blue-color\">Individuelle Touren<\/mark><\/strong><\/p>\n\n\n\n<p class=\"has-medium-font-size\">Wir organisieren Ihre individuelle Tour. Ob im (eigenen) Bus, zu Fu\u00df, per Rad oder auch mit dem f\u00fcr Solingen typischen O-Bus. Wir beraten Sie und suchen gemeinsam mit Ihnen das f\u00fcr Ihr Interesse passende Programm. Lernen Sie mit uns den <strong><em>&#8222;Bergischen Amazonas&#8220;<\/em><\/strong>, die Wupper kennen, oder nehmen Sie an einer echten <strong><em>&#8222;Bergischen Kaffeetafel mit Dr\u00f6ppelminna und allem dr\u00f6m un dran&#8220;<\/em><\/strong> Platz!<\/p>\n\n\n\n<p class=\"has-medium-font-size\"><strong><mark style=\"background-color:rgba(0, 0, 0, 0)\" class=\"has-inline-color has-black-color\">Individuelle F\u00fchrungen<\/mark><\/strong><br>Sie organisieren einen (Firmen) <strong>Event<\/strong>, eine private Feier oder einen Ausflug nach Solingen? Wir haben die Ideen, um Ihnen das passende Rahmenprogramm auszuarbeiten.<\/p>\n\n\n\n<p class=\"has-medium-font-size\"><strong><mark style=\"background-color:rgba(0, 0, 0, 0)\" class=\"has-inline-color has-black-color\">Busbegleitungen<\/mark><\/strong><br>Wir begleiten Ihren Reisebus durch Solingen und\/oder durch das Bergische Land und zeigen Ihnen die sch\u00f6nsten und interessanten Sehensw\u00fcrdigkeiten unserer Heimat. Gerne arbeiten wir Ihnen auch entsprechende Tourenvorschl\u00e4ge aus.<\/p>\n\n\n\n<p class=\"has-medium-font-size\"><strong><mark style=\"background-color:rgba(0, 0, 0, 0)\" class=\"has-inline-color has-black-color\">Kost\u00fcmf\u00fchrungen<\/mark><\/strong><br>Auf Wunsch bieten wir auch F\u00fchrungen in historischen Kost\u00fcmen &#8211; z. B. als <em><strong>Augenarzt Dr. de<\/strong> <\/em><strong><em>Leuw<\/em><\/strong> in Gr\u00e4frath oder als typischer <strong><em>&#8222;Soliger Schlieper&#8220;<\/em><\/strong> (Solinger Schleifer), die Ihrer Gruppe helfen, in die lebendige Vergangenheit der Klingenstadt einzutauchen.<\/p>\n\n\n\n<p class=\"has-medium-font-size\">Lassen Sie sich beraten von unserer Ansprechpartnerin <strong><em><mark style=\"background-color:rgba(0, 0, 0, 0)\" class=\"has-inline-color has-black-color\">Debbie Little<\/mark><\/em><\/strong>.<\/p>\n\n\n\n<div class=\"wp-block-buttons is-layout-flex wp-block-buttons-is-layout-flex\">\n<div class=\"wp-block-button\"><a class=\"wp-block-button__link wp-element-button\" href=\"https:\/\/stadtfuehrungen-solingen.de\/?page_id=55\">nach Oben<\/a><\/div>\n<\/div>\n","protected":false},"excerpt":{"rendered":"<p>Stadtf\u00fchrungen SolingenAnsprechparnerin ist Debbie LittleTelefon: 0212 &#8211; 62 801Mail: info@stadtfuehrungen-solingen.de Stadtf\u00fchrungen-Solingen Individuelle Touren Wir organisieren Ihre individuelle Tour. Ob im<\/p>\n<p class=\"readmore\"><a href=\"https:\/\/stadtfuehrungen-solingen.de\/?page_id=55\" title=\"Read Kontakt\">Read more &raquo;<\/a><\/p>\n","protected":false},"author":1,"featured_media":0,"parent":0,"menu_order":0,"comment_status":"closed","ping_status":"closed","template":"","meta":{"footnotes":""},"class_list":["post-55","page","type-page","status-publish","hentry"],"_links":{"self":[{"href":"https:\/\/stadtfuehrungen-solingen.de\/index.php?rest_route=\/wp\/v2\/pages\/55","targetHints":{"allow":["GET"]}}],"collection":[{"href":"https:\/\/stadtfuehrungen-solingen.de\/index.php?rest_route=\/wp\/v2\/pages"}],"about":[{"href":"https:\/\/stadtfuehrungen-solingen.de\/index.php?rest_route=\/wp\/v2\/types\/page"}],"author":[{"embeddable":true,"href":"https:\/\/stadtfuehrungen-solingen.de\/index.php?rest_route=\/wp\/v2\/users\/1"}],"replies":[{"embeddable":true,"href":"https:\/\/stadtfuehrungen-solingen.de\/index.php?rest_route=%2Fwp%2Fv2%2Fcomments&post=55"}],"version-history":[{"count":14,"href":"https:\/\/stadtfuehrungen-solingen.de\/index.php?rest_route=\/wp\/v2\/pages\/55\/revisions"}],"predecessor-version":[{"id":953,"href":"https:\/\/stadtfuehrungen-solingen.de\/index.php?rest_route=\/wp\/v2\/pages\/55\/revisions\/953"}],"wp:attachment":[{"href":"https:\/\/stadtfuehrungen-solingen.de\/index.php?rest_route=%2Fwp%2Fv2%2Fmedia&parent=55"}],"curies":[{"name":"wp","href":"https:\/\/api.w.org\/{rel}","templated":true}]}}