{"id":1385,"date":"2026-05-08T12:16:25","date_gmt":"2026-05-08T11:16:25","guid":{"rendered":"https:\/\/stadtfuehrungen-solingen.de\/?page_id=1385"},"modified":"2026-05-08T12:41:03","modified_gmt":"2026-05-08T11:41:03","slug":"zeitleiste","status":"publish","type":"page","link":"https:\/\/stadtfuehrungen-solingen.de\/?page_id=1385","title":{"rendered":"Zeitleiste"},"content":{"rendered":"\n<ul class=\"wp-block-list has-pale-cyan-blue-background-color has-background\">\n<li>Erste urkundliche Erw\u00e4hnung um <strong>965<\/strong> (Gut Solagon) &#8211; Schenkung durch Bischof Bruno an Abtei St. Martin in K\u00f6ln<\/li>\n\n\n\n<li>ca. <strong>1000<\/strong> erste Solinger Kirche am Standort Fronhof<\/li>\n\n\n\n<li><strong>1133<\/strong> Umzug der Grafen vom Berg (Graf Adolf II) von &#8222;alten Burg&#8220; = Altenberg nach Burg<\/li>\n\n\n\n<li><strong>23. Februar 1374<\/strong> Verleihung der Stadtrechte durch Graf Wilhelm II von Berg<\/li>\n\n\n\n<li><strong>1185<\/strong> Gr\u00fcndung des Augustinerinnen-Kloster in Gr\u00e4frath<\/li>\n\n\n\n<li><strong>1402<\/strong> Verleihung der Freiheitsurkunde an Gr\u00e4frath durch Herzog Wilhelm I von Berg<\/li>\n\n\n\n<li><strong>1408<\/strong> Umzug der Grafen von Berg nach D\u00fcsseldorf<\/li>\n\n\n\n<li><strong>1467<\/strong> Clemens wird Stadtpatron von Solingen (R\u00f6m. Bischof um 100 n. Chr. &#8211; 3. Pabst als M\u00e4rtyrer mit Anker um Hals ertr\u00e4nkt. Daher der Anker im Stadtwappen)<\/li>\n\n\n\n<li><strong>1515<\/strong> Bau der Stadtwindm\u00fchle (M\u00fchlenplatz)<\/li>\n\n\n\n<li><strong>1660<\/strong> neues Stadtwappen mit Anker und Schwert<\/li>\n\n\n\n<li><strong>1808<\/strong> politische Neuordnung durch Napoleon &#8211; 6 B\u00fcrgermeistereien (Maierien) &#8211; Solingen, Dorp, H\u00f6hscheid, Wald, Merscheid und Gr\u00e4frath.<\/li>\n\n\n\n<li><strong>1860<\/strong> Bau Eisenbahnstrecke K\u00f6ln &#8211; Gruiten &#8211; Vohwinkel (heute Wuppertal) mit Bahnhalt bei der Hofschaft Ohligs<\/li>\n\n\n\n<li><strong>1889<\/strong> Stadt Dorp wird nach Solingen eingemeindet<\/li>\n\n\n\n<li><strong>1891<\/strong> Stadt Merscheid wird in Stadt Ohligs umbenannt<\/li>\n\n\n\n<li><strong>1894 &#8211; 1897<\/strong> Bau der M\u00fcngstener Br\u00fccke (h\u00f6chste Eisenbahnbr\u00fccke Deutschland, verbindet Solingen mit Remscheid)<\/li>\n\n\n\n<li><strong>1929<\/strong> Mit der Vereinigung der 5 St\u00e4dte Solingen, Ohligs, Wald, Gr\u00e4frath und H\u00f6hscheid wird Solingen zur Gro\u00dfstadt<\/li>\n\n\n\n<li><strong>1938<\/strong> Der Name \u201eSolingen\u201c wird gesetzlich gesch\u00fctzt (weltweit einmalig)<\/li>\n\n\n\n<li><strong>04.\/05. November 1944<\/strong> Totale Zerst\u00f6rung der Innenstadt durch Bombenangriffe <br>(1441 Tote, 2144 Verletzte)<\/li>\n\n\n\n<li><strong>1975<\/strong> Eingemeindung der Stadt Burg<\/li>\n\n\n\n<li>Gr\u00f6\u00dftes O-Bus-Netz Deutschlands (ca. 60 km mit 7 Linien)<\/li>\n\n\n\n<li>165.000 Einwohner (Platz 50 in der Liste der deutschen Gro\u00dfst\u00e4dte)<\/li>\n\n\n\n<li><strong>2024<\/strong> Solingen feiert das <strong>650<\/strong> j\u00e4hrige Bestehen<\/li>\n<\/ul>\n","protected":false},"excerpt":{"rendered":"","protected":false},"author":1,"featured_media":0,"parent":0,"menu_order":0,"comment_status":"closed","ping_status":"closed","template":"","meta":{"footnotes":""},"class_list":["post-1385","page","type-page","status-publish","hentry"],"_links":{"self":[{"href":"https:\/\/stadtfuehrungen-solingen.de\/index.php?rest_route=\/wp\/v2\/pages\/1385","targetHints":{"allow":["GET"]}}],"collection":[{"href":"https:\/\/stadtfuehrungen-solingen.de\/index.php?rest_route=\/wp\/v2\/pages"}],"about":[{"href":"https:\/\/stadtfuehrungen-solingen.de\/index.php?rest_route=\/wp\/v2\/types\/page"}],"author":[{"embeddable":true,"href":"https:\/\/stadtfuehrungen-solingen.de\/index.php?rest_route=\/wp\/v2\/users\/1"}],"replies":[{"embeddable":true,"href":"https:\/\/stadtfuehrungen-solingen.de\/index.php?rest_route=%2Fwp%2Fv2%2Fcomments&post=1385"}],"version-history":[{"count":2,"href":"https:\/\/stadtfuehrungen-solingen.de\/index.php?rest_route=\/wp\/v2\/pages\/1385\/revisions"}],"predecessor-version":[{"id":1395,"href":"https:\/\/stadtfuehrungen-solingen.de\/index.php?rest_route=\/wp\/v2\/pages\/1385\/revisions\/1395"}],"wp:attachment":[{"href":"https:\/\/stadtfuehrungen-solingen.de\/index.php?rest_route=%2Fwp%2Fv2%2Fmedia&parent=1385"}],"curies":[{"name":"wp","href":"https:\/\/api.w.org\/{rel}","templated":true}]}}