{"id":1311,"date":"2026-05-07T11:00:14","date_gmt":"2026-05-07T10:00:14","guid":{"rendered":"https:\/\/stadtfuehrungen-solingen.de\/?page_id=1311"},"modified":"2026-05-08T11:41:14","modified_gmt":"2026-05-08T10:41:14","slug":"website","status":"publish","type":"page","link":"https:\/\/stadtfuehrungen-solingen.de\/?page_id=1311","title":{"rendered":"Startseite"},"content":{"rendered":"\n<p class=\"has-text-align-center has-white-color has-vivid-cyan-blue-background-color has-text-color has-background has-link-color wp-elements-a3c72cd00de7e2c7511be13ff2256eb9\" style=\"font-size:30px;font-style:normal;font-weight:400\"><strong><mark style=\"background-color:rgba(0, 0, 0, 0)\" class=\"has-inline-color has-white-color\"><em>Herzlich Willkommen auf unserer Website<\/em><\/mark><\/strong><\/p>\n\n\n\n<hr class=\"wp-block-separator has-alpha-channel-opacity\"\/>\n\n\n\n<div class=\"wp-block-media-text is-stacked-on-mobile is-vertically-aligned-top\" style=\"grid-template-columns:26% auto\"><figure class=\"wp-block-media-text__media\"><img loading=\"lazy\" decoding=\"async\" width=\"584\" height=\"1024\" src=\"http:\/\/stadtfuehrungen-solingen.de\/wp-content\/uploads\/2025\/03\/P1080761-584x1024.jpg\" alt=\"\" class=\"wp-image-827 size-full\" srcset=\"https:\/\/stadtfuehrungen-solingen.de\/wp-content\/uploads\/2025\/03\/P1080761-584x1024.jpg 584w, https:\/\/stadtfuehrungen-solingen.de\/wp-content\/uploads\/2025\/03\/P1080761-171x300.jpg 171w, https:\/\/stadtfuehrungen-solingen.de\/wp-content\/uploads\/2025\/03\/P1080761-768x1347.jpg 768w, https:\/\/stadtfuehrungen-solingen.de\/wp-content\/uploads\/2025\/03\/P1080761-876x1536.jpg 876w, https:\/\/stadtfuehrungen-solingen.de\/wp-content\/uploads\/2025\/03\/P1080761-1168x2048.jpg 1168w, https:\/\/stadtfuehrungen-solingen.de\/wp-content\/uploads\/2025\/03\/P1080761-scaled.jpg 1460w\" sizes=\"auto, (max-width: 584px) 100vw, 584px\" \/><\/figure><div class=\"wp-block-media-text__content\">\n<p class=\"has-text-align-center has-luminous-vivid-orange-background-color has-background\" style=\"font-size:48px\"><strong><mark style=\"background-color:rgba(0, 0, 0, 0)\" class=\"has-inline-color has-white-color\">WIR ZEIGEN IHNEN SOLINGEN<\/mark><\/strong><br><\/p>\n<\/div><\/div>\n\n\n\n<hr class=\"wp-block-separator aligncenter has-alpha-channel-opacity\"\/>\n\n\n\n<p class=\"has-vivid-cyan-blue-color has-text-color has-link-color wp-elements-e550c463536b767e9c13929f69aace63\" style=\"font-size:18px\"><mark style=\"background-color:rgba(0, 0, 0, 0)\" class=\"has-inline-color has-vivid-cyan-blue-color\"><mark style=\"background-color:rgba(0, 0, 0, 0)\" class=\"has-inline-color has-vivid-cyan-blue-color\"><mark style=\"background-color:rgba(0, 0, 0, 0)\" class=\"has-inline-color has-vivid-cyan-blue-color\">Wir Solinger G\u00e4stef\u00fchrer begleiten Sie auf unterhaltsame Weise zu den interessanten Punkten der Umgebung. Dazu z\u00e4hlen beispielsweise Zeugnisse der Industriegeschichte, der M\u00fcngstener Br\u00fcckenpark und das Tal der Wupper, den historischen malerischen Ortskern von Gr\u00e4frath, sowie der Ortsteil Burg mit dem Schloss der Grafen von Berg. <br>Wer mit uns auf Tour ist, erlebt ungew\u00f6hnliche Einblicke in unsere Stadt und deren Geschichte. Erz\u00e4hlungen und Anekdoten lassen die Vergangenheit unserer Stadt lebendig werden.<\/mark><\/mark><\/mark><br><br><mark style=\"background-color:rgba(0, 0, 0, 0)\" class=\"has-inline-color has-black-color\"><strong>\u00d6ffentliche F\u00fchrungen<\/strong><\/mark><br><mark style=\"background-color:rgba(0, 0, 0, 0)\" class=\"has-inline-color has-vivid-cyan-blue-color\">Die Termine unserer \u00f6ffentlichen F\u00fchrungen in Solingen (Dauer jeweils ca. 1,5 bis 2 Stunden) finden Sie im Men\u00fc unter<\/mark> <em><strong><a href=\"https:\/\/stadtfuehrungen-solingen.de\/?page_id=100\"><mark style=\"background-color:rgba(0, 0, 0, 0)\" class=\"has-inline-color has-black-color\">Termine<\/mark><\/a>.<\/strong><\/em><br><br><strong><mark style=\"background-color:rgba(0, 0, 0, 0)\" class=\"has-inline-color has-black-color\">Individuelle F\u00fchrungen<\/mark><\/strong><br><mark style=\"background-color:rgba(0, 0, 0, 0)\" class=\"has-inline-color has-vivid-cyan-blue-color\">Sie organisieren einen (Firmen) Event, eine private Feier oder einen Ausflug nach Solingen? Wir haben die Ideen, um Ihnen das passende Rahmenprogramm auszuarbeiten. Die Ansprechpartnerin finden sie im Men\u00fc unter<\/mark> <strong><a href=\"https:\/\/stadtfuehrungen-solingen.de\/?page_id=55\"><mark style=\"background-color:rgba(0, 0, 0, 0)\" class=\"has-inline-color has-black-color\"><em>Kontakt<\/em><\/mark><\/a>.<\/strong><\/p>\n\n\n\n<hr class=\"wp-block-separator aligncenter has-alpha-channel-opacity\"\/>\n\n\n\n<div class=\"wp-block-media-text is-stacked-on-mobile is-vertically-aligned-top\" style=\"grid-template-columns:15% auto\"><figure class=\"wp-block-media-text__media\"><a href=\"https:\/\/solingen.de\/inhalt\"><img loading=\"lazy\" decoding=\"async\" width=\"1024\" height=\"856\" src=\"http:\/\/stadtfuehrungen-solingen.de\/wp-content\/uploads\/2024\/01\/SG_HerzWappen_RGB-web-1024x856.png\" alt=\"\" class=\"wp-image-31 size-full\" srcset=\"https:\/\/stadtfuehrungen-solingen.de\/wp-content\/uploads\/2024\/01\/SG_HerzWappen_RGB-web-1024x856.png 1024w, https:\/\/stadtfuehrungen-solingen.de\/wp-content\/uploads\/2024\/01\/SG_HerzWappen_RGB-web-300x251.png 300w, https:\/\/stadtfuehrungen-solingen.de\/wp-content\/uploads\/2024\/01\/SG_HerzWappen_RGB-web-768x642.png 768w, https:\/\/stadtfuehrungen-solingen.de\/wp-content\/uploads\/2024\/01\/SG_HerzWappen_RGB-web-1536x1285.png 1536w, https:\/\/stadtfuehrungen-solingen.de\/wp-content\/uploads\/2024\/01\/SG_HerzWappen_RGB-web.png 1546w\" sizes=\"auto, (max-width: 1024px) 100vw, 1024px\" \/><\/a><\/figure><div class=\"wp-block-media-text__content\">\n<p class=\"has-black-color has-white-background-color has-text-color has-background has-link-color wp-elements-9af33e092462b6bf5b7aa1d3342b2891\" style=\"font-size:18px\"><mark style=\"background-color:rgba(0, 0, 0, 0)\" class=\"has-inline-color has-black-color\">Aktualisiert am: <strong>08.05.2026<\/strong><br>Seite: <strong>Termine 2026<\/strong><\/mark><\/p>\n<\/div><\/div>\n\n\n\n<hr class=\"wp-block-separator has-alpha-channel-opacity\"\/>\n\n\n\n<p><\/p>\n","protected":false},"excerpt":{"rendered":"<p>Herzlich Willkommen auf unserer Website WIR ZEIGEN IHNEN SOLINGEN Wir Solinger G\u00e4stef\u00fchrer begleiten Sie auf unterhaltsame Weise zu den interessanten<\/p>\n<p class=\"readmore\"><a href=\"https:\/\/stadtfuehrungen-solingen.de\/?page_id=1311\" title=\"Read Startseite\">Read more &raquo;<\/a><\/p>\n","protected":false},"author":1,"featured_media":0,"parent":0,"menu_order":0,"comment_status":"closed","ping_status":"closed","template":"","meta":{"footnotes":""},"class_list":["post-1311","page","type-page","status-publish","hentry"],"_links":{"self":[{"href":"https:\/\/stadtfuehrungen-solingen.de\/index.php?rest_route=\/wp\/v2\/pages\/1311","targetHints":{"allow":["GET"]}}],"collection":[{"href":"https:\/\/stadtfuehrungen-solingen.de\/index.php?rest_route=\/wp\/v2\/pages"}],"about":[{"href":"https:\/\/stadtfuehrungen-solingen.de\/index.php?rest_route=\/wp\/v2\/types\/page"}],"author":[{"embeddable":true,"href":"https:\/\/stadtfuehrungen-solingen.de\/index.php?rest_route=\/wp\/v2\/users\/1"}],"replies":[{"embeddable":true,"href":"https:\/\/stadtfuehrungen-solingen.de\/index.php?rest_route=%2Fwp%2Fv2%2Fcomments&post=1311"}],"version-history":[{"count":41,"href":"https:\/\/stadtfuehrungen-solingen.de\/index.php?rest_route=\/wp\/v2\/pages\/1311\/revisions"}],"predecessor-version":[{"id":1381,"href":"https:\/\/stadtfuehrungen-solingen.de\/index.php?rest_route=\/wp\/v2\/pages\/1311\/revisions\/1381"}],"wp:attachment":[{"href":"https:\/\/stadtfuehrungen-solingen.de\/index.php?rest_route=%2Fwp%2Fv2%2Fmedia&parent=1311"}],"curies":[{"name":"wp","href":"https:\/\/api.w.org\/{rel}","templated":true}]}}